{"id":369,"date":"2025-10-22T21:56:58","date_gmt":"2025-10-22T19:56:58","guid":{"rendered":"https:\/\/lepetitatelierdisa.fr\/?page_id=369"},"modified":"2025-10-24T21:34:20","modified_gmt":"2025-10-24T19:34:20","slug":"decoration","status":"publish","type":"page","link":"https:\/\/lepetitatelierdisa.fr\/index.php\/decoration\/","title":{"rendered":"D\u00e9coration"},"content":{"rendered":"\t\t<div data-elementor-type=\"wp-page\" data-elementor-id=\"369\" class=\"elementor elementor-369\">\n\t\t\t\t<div class=\"elementor-element elementor-element-47850d7f e-flex e-con-boxed e-con e-parent\" data-id=\"47850d7f\" data-element_type=\"container\">\n\t\t\t\t\t<div class=\"e-con-inner\">\n\t\t\t\t\t<\/div>\n\t\t\t\t<\/div>\n\t\t<div class=\"elementor-element elementor-element-0c25f0f e-flex e-con-boxed e-con e-parent\" data-id=\"0c25f0f\" data-element_type=\"container\">\n\t\t\t\t\t<div class=\"e-con-inner\">\n\t\t\t\t\t<\/div>\n\t\t\t\t<\/div>\n\t\t<div class=\"elementor-element elementor-element-e81a3a4 e-grid e-con-boxed e-con e-parent\" data-id=\"e81a3a4\" data-element_type=\"container\">\n\t\t\t\t\t<div class=\"e-con-inner\">\n\t\t\t\t<div class=\"elementor-element elementor-element-aef8a2f elementor-widget elementor-widget-image\" data-id=\"aef8a2f\" data-element_type=\"widget\" data-widget_type=\"image.default\">\n\t\t\t\t\t\t\t\t\t\t\t\t\t\t\t<img fetchpriority=\"high\" decoding=\"async\" width=\"1024\" height=\"1015\" src=\"https:\/\/lepetitatelierdisa.fr\/wp-content\/uploads\/2025\/10\/Mixite-2-30x30-1-1024x1015.jpg\" class=\"attachment-large size-large wp-image-376\" alt=\"\" srcset=\"https:\/\/lepetitatelierdisa.fr\/wp-content\/uploads\/2025\/10\/Mixite-2-30x30-1-1024x1015.jpg 1024w, https:\/\/lepetitatelierdisa.fr\/wp-content\/uploads\/2025\/10\/Mixite-2-30x30-1-300x297.jpg 300w, https:\/\/lepetitatelierdisa.fr\/wp-content\/uploads\/2025\/10\/Mixite-2-30x30-1-150x150.jpg 150w, https:\/\/lepetitatelierdisa.fr\/wp-content\/uploads\/2025\/10\/Mixite-2-30x30-1-768x761.jpg 768w, https:\/\/lepetitatelierdisa.fr\/wp-content\/uploads\/2025\/10\/Mixite-2-30x30-1-1536x1522.jpg 1536w, https:\/\/lepetitatelierdisa.fr\/wp-content\/uploads\/2025\/10\/Mixite-2-30x30-1.jpg 1868w\" sizes=\"(max-width: 1024px) 100vw, 1024px\" \/>\t\t\t\t\t\t\t\t\t\t\t\t\t\t\t<\/div>\n\t\t\t\t<div class=\"elementor-element elementor-element-9be3532 elementor-widget elementor-widget-image\" data-id=\"9be3532\" data-element_type=\"widget\" data-widget_type=\"image.default\">\n\t\t\t\t\t\t\t\t\t\t\t\t\t\t\t<img decoding=\"async\" width=\"1024\" height=\"768\" src=\"https:\/\/lepetitatelierdisa.fr\/wp-content\/uploads\/2025\/10\/PXL_20251005_083635593.PORTRAIT.ORIGINAL-1024x768.jpg\" class=\"attachment-large size-large wp-image-373\" alt=\"\" srcset=\"https:\/\/lepetitatelierdisa.fr\/wp-content\/uploads\/2025\/10\/PXL_20251005_083635593.PORTRAIT.ORIGINAL-1024x768.jpg 1024w, https:\/\/lepetitatelierdisa.fr\/wp-content\/uploads\/2025\/10\/PXL_20251005_083635593.PORTRAIT.ORIGINAL-300x225.jpg 300w, https:\/\/lepetitatelierdisa.fr\/wp-content\/uploads\/2025\/10\/PXL_20251005_083635593.PORTRAIT.ORIGINAL-768x576.jpg 768w, https:\/\/lepetitatelierdisa.fr\/wp-content\/uploads\/2025\/10\/PXL_20251005_083635593.PORTRAIT.ORIGINAL-1536x1152.jpg 1536w, https:\/\/lepetitatelierdisa.fr\/wp-content\/uploads\/2025\/10\/PXL_20251005_083635593.PORTRAIT.ORIGINAL-2048x1536.jpg 2048w\" sizes=\"(max-width: 1024px) 100vw, 1024px\" \/>\t\t\t\t\t\t\t\t\t\t\t\t\t\t\t<\/div>\n\t\t\t\t<div class=\"elementor-element elementor-element-0b1413e elementor-widget elementor-widget-text-editor\" data-id=\"0b1413e\" data-element_type=\"widget\" data-widget_type=\"text-editor.default\">\n\t\t\t\t\t\t\t\t\t<p><span dir=\"auto\" style=\"vertical-align: inherit;\"><span dir=\"auto\" style=\"vertical-align: inherit;\"><span dir=\"auto\" style=\"vertical-align: inherit;\"><span dir=\"auto\" style=\"vertical-align: inherit;\">1er tableau 30&#215;30 cm d&#8217;un duo\u00a0<\/span><\/span><\/span><\/span><\/p><p><span dir=\"auto\" style=\"vertical-align: inherit;\"><span dir=\"auto\" style=\"vertical-align: inherit;\"><span dir=\"auto\" style=\"vertical-align: inherit;\"><span dir=\"auto\" style=\"vertical-align: inherit;\">&#8220;Mixit\u00e9 1&#8221; associe des coupelles blanc mat et brillant sur fond terracotta<\/span><\/span><\/span><\/span><\/p>\t\t\t\t\t\t\t\t<\/div>\n\t\t\t\t<div class=\"elementor-element elementor-element-85306a9 elementor-widget elementor-widget-text-editor\" data-id=\"85306a9\" data-element_type=\"widget\" data-widget_type=\"text-editor.default\">\n\t\t\t\t\t\t\t\t\t<p><span dir=\"auto\" style=\"vertical-align: inherit;\"><span dir=\"auto\" style=\"vertical-align: inherit;\"><span dir=\"auto\" style=\"vertical-align: inherit;\"><span dir=\"auto\" style=\"vertical-align: inherit;\">&#8220;Mixit\u00e9 2&#8221; associe des coupelles de terre noire \u00e9maill\u00e9e, ou brute avec un liser\u00e9 dor\u00e9<\/span><\/span><\/span><\/span><\/p>\t\t\t\t\t\t\t\t<\/div>\n\t\t\t\t<div class=\"elementor-element elementor-element-4ec6155 elementor-widget elementor-widget-image\" data-id=\"4ec6155\" data-element_type=\"widget\" data-widget_type=\"image.default\">\n\t\t\t\t\t\t\t\t\t\t\t\t\t\t\t<img decoding=\"async\" width=\"1024\" height=\"1024\" src=\"https:\/\/lepetitatelierdisa.fr\/wp-content\/uploads\/2025\/10\/Mixite-1-30x30-1-1024x1024.jpg\" class=\"attachment-large size-large wp-image-375\" alt=\"\" srcset=\"https:\/\/lepetitatelierdisa.fr\/wp-content\/uploads\/2025\/10\/Mixite-1-30x30-1-1024x1024.jpg 1024w, https:\/\/lepetitatelierdisa.fr\/wp-content\/uploads\/2025\/10\/Mixite-1-30x30-1-300x300.jpg 300w, https:\/\/lepetitatelierdisa.fr\/wp-content\/uploads\/2025\/10\/Mixite-1-30x30-1-150x150.jpg 150w, https:\/\/lepetitatelierdisa.fr\/wp-content\/uploads\/2025\/10\/Mixite-1-30x30-1-768x768.jpg 768w, https:\/\/lepetitatelierdisa.fr\/wp-content\/uploads\/2025\/10\/Mixite-1-30x30-1-1536x1536.jpg 1536w, https:\/\/lepetitatelierdisa.fr\/wp-content\/uploads\/2025\/10\/Mixite-1-30x30-1.jpg 1850w\" sizes=\"(max-width: 1024px) 100vw, 1024px\" \/>\t\t\t\t\t\t\t\t\t\t\t\t\t\t\t<\/div>\n\t\t\t\t<div class=\"elementor-element elementor-element-425bcc4 elementor-widget elementor-widget-image\" data-id=\"425bcc4\" data-element_type=\"widget\" data-widget_type=\"image.default\">\n\t\t\t\t\t\t\t\t\t\t\t\t\t\t\t<img loading=\"lazy\" decoding=\"async\" width=\"1024\" height=\"768\" src=\"https:\/\/lepetitatelierdisa.fr\/wp-content\/uploads\/2025\/10\/PXL_20251005_083601381.PORTRAIT.ORIGINAL-1024x768.jpg\" class=\"attachment-large size-large wp-image-374\" alt=\"\" srcset=\"https:\/\/lepetitatelierdisa.fr\/wp-content\/uploads\/2025\/10\/PXL_20251005_083601381.PORTRAIT.ORIGINAL-1024x768.jpg 1024w, https:\/\/lepetitatelierdisa.fr\/wp-content\/uploads\/2025\/10\/PXL_20251005_083601381.PORTRAIT.ORIGINAL-300x225.jpg 300w, https:\/\/lepetitatelierdisa.fr\/wp-content\/uploads\/2025\/10\/PXL_20251005_083601381.PORTRAIT.ORIGINAL-768x576.jpg 768w, https:\/\/lepetitatelierdisa.fr\/wp-content\/uploads\/2025\/10\/PXL_20251005_083601381.PORTRAIT.ORIGINAL-1536x1152.jpg 1536w, https:\/\/lepetitatelierdisa.fr\/wp-content\/uploads\/2025\/10\/PXL_20251005_083601381.PORTRAIT.ORIGINAL-2048x1536.jpg 2048w\" sizes=\"(max-width: 1024px) 100vw, 1024px\" \/>\t\t\t\t\t\t\t\t\t\t\t\t\t\t\t<\/div>\n\t\t\t\t\t<\/div>\n\t\t\t\t<\/div>\n\t\t<div class=\"elementor-element elementor-element-66143b1 e-flex e-con-boxed e-con e-parent\" data-id=\"66143b1\" data-element_type=\"container\">\n\t\t\t\t\t<div class=\"e-con-inner\">\n\t\t<div class=\"elementor-element elementor-element-10cd0d7 e-con-full e-flex e-con e-child\" data-id=\"10cd0d7\" data-element_type=\"container\">\n\t\t\t\t<div class=\"elementor-element elementor-element-360d8e5 elementor-widget elementor-widget-image\" data-id=\"360d8e5\" data-element_type=\"widget\" data-widget_type=\"image.default\">\n\t\t\t\t\t\t\t\t\t\t\t\t\t\t\t<img loading=\"lazy\" decoding=\"async\" width=\"1024\" height=\"1015\" src=\"https:\/\/lepetitatelierdisa.fr\/wp-content\/uploads\/2025\/10\/Evasion-40x40-1-1024x1015.jpg\" class=\"attachment-large size-large wp-image-378\" alt=\"\" srcset=\"https:\/\/lepetitatelierdisa.fr\/wp-content\/uploads\/2025\/10\/Evasion-40x40-1-1024x1015.jpg 1024w, https:\/\/lepetitatelierdisa.fr\/wp-content\/uploads\/2025\/10\/Evasion-40x40-1-300x297.jpg 300w, https:\/\/lepetitatelierdisa.fr\/wp-content\/uploads\/2025\/10\/Evasion-40x40-1-150x150.jpg 150w, https:\/\/lepetitatelierdisa.fr\/wp-content\/uploads\/2025\/10\/Evasion-40x40-1-768x761.jpg 768w, https:\/\/lepetitatelierdisa.fr\/wp-content\/uploads\/2025\/10\/Evasion-40x40-1-1536x1522.jpg 1536w, https:\/\/lepetitatelierdisa.fr\/wp-content\/uploads\/2025\/10\/Evasion-40x40-1-2048x2030.jpg 2048w\" sizes=\"(max-width: 1024px) 100vw, 1024px\" \/>\t\t\t\t\t\t\t\t\t\t\t\t\t\t\t<\/div>\n\t\t\t\t<\/div>\n\t\t<div class=\"elementor-element elementor-element-e92a513 e-con-full e-flex e-con e-child\" data-id=\"e92a513\" data-element_type=\"container\">\n\t\t<div class=\"elementor-element elementor-element-0570b7f e-con-full e-flex e-con e-child\" data-id=\"0570b7f\" data-element_type=\"container\">\n\t\t\t\t<div class=\"elementor-element elementor-element-7754dc2 elementor-widget elementor-widget-image\" data-id=\"7754dc2\" data-element_type=\"widget\" data-widget_type=\"image.default\">\n\t\t\t\t\t\t\t\t\t\t\t\t\t\t\t<img loading=\"lazy\" decoding=\"async\" width=\"1024\" height=\"768\" src=\"https:\/\/lepetitatelierdisa.fr\/wp-content\/uploads\/2025\/10\/PXL_20251018_090255324-1-1024x768.jpg\" class=\"attachment-large size-large wp-image-372\" alt=\"\" srcset=\"https:\/\/lepetitatelierdisa.fr\/wp-content\/uploads\/2025\/10\/PXL_20251018_090255324-1-1024x768.jpg 1024w, https:\/\/lepetitatelierdisa.fr\/wp-content\/uploads\/2025\/10\/PXL_20251018_090255324-1-300x225.jpg 300w, https:\/\/lepetitatelierdisa.fr\/wp-content\/uploads\/2025\/10\/PXL_20251018_090255324-1-768x576.jpg 768w, https:\/\/lepetitatelierdisa.fr\/wp-content\/uploads\/2025\/10\/PXL_20251018_090255324-1-1536x1152.jpg 1536w, https:\/\/lepetitatelierdisa.fr\/wp-content\/uploads\/2025\/10\/PXL_20251018_090255324-1-2048x1536.jpg 2048w\" sizes=\"(max-width: 1024px) 100vw, 1024px\" \/>\t\t\t\t\t\t\t\t\t\t\t\t\t\t\t<\/div>\n\t\t\t\t<div class=\"elementor-element elementor-element-25d69ab elementor-widget elementor-widget-text-editor\" data-id=\"25d69ab\" data-element_type=\"widget\" data-widget_type=\"text-editor.default\">\n\t\t\t\t\t\t\t\t\t<p><span dir=\"auto\" style=\"vertical-align: inherit;\"><span dir=\"auto\" style=\"vertical-align: inherit;\">&#8220;Evasion&#8221;<br \/><\/span><\/span><span dir=\"auto\" style=\"vertical-align: inherit;\"><span dir=\"auto\" style=\"vertical-align: inherit;\">Tableau 40x40cm en porcelaine<\/span><\/span><\/p>\t\t\t\t\t\t\t\t<\/div>\n\t\t\t\t<\/div>\n\t\t\t\t<\/div>\n\t\t\t\t\t<\/div>\n\t\t\t\t<\/div>\n\t\t<div class=\"elementor-element elementor-element-747a06c e-flex e-con-boxed e-con e-parent\" data-id=\"747a06c\" data-element_type=\"container\">\n\t\t\t\t\t<div class=\"e-con-inner\">\n\t\t<div class=\"elementor-element elementor-element-26427dc e-con-full e-flex e-con e-child\" data-id=\"26427dc\" data-element_type=\"container\">\n\t\t\t\t<div class=\"elementor-element elementor-element-6ef6ee9 elementor-widget elementor-widget-text-editor\" data-id=\"6ef6ee9\" data-element_type=\"widget\" data-widget_type=\"text-editor.default\">\n\t\t\t\t\t\t\t\t\t<p><span dir=\"auto\" style=\"vertical-align: inherit;\"><span dir=\"auto\" style=\"vertical-align: inherit;\">&#8220;Fleur de mer&#8221;<br \/>Tableau 40x40cm en porcelaine<\/span><\/span><\/p>\t\t\t\t\t\t\t\t<\/div>\n\t\t\t\t<\/div>\n\t\t\t\t<div class=\"elementor-element elementor-element-9abd061 elementor-widget elementor-widget-image\" data-id=\"9abd061\" data-element_type=\"widget\" data-widget_type=\"image.default\">\n\t\t\t\t\t\t\t\t\t\t\t\t\t\t\t<img loading=\"lazy\" decoding=\"async\" width=\"994\" height=\"1024\" src=\"https:\/\/lepetitatelierdisa.fr\/wp-content\/uploads\/2025\/10\/Petales-de-mer-40x40-1-994x1024.jpg\" class=\"attachment-large size-large wp-image-377\" alt=\"\" srcset=\"https:\/\/lepetitatelierdisa.fr\/wp-content\/uploads\/2025\/10\/Petales-de-mer-40x40-1-994x1024.jpg 994w, https:\/\/lepetitatelierdisa.fr\/wp-content\/uploads\/2025\/10\/Petales-de-mer-40x40-1-291x300.jpg 291w, https:\/\/lepetitatelierdisa.fr\/wp-content\/uploads\/2025\/10\/Petales-de-mer-40x40-1-768x791.jpg 768w, https:\/\/lepetitatelierdisa.fr\/wp-content\/uploads\/2025\/10\/Petales-de-mer-40x40-1-1491x1536.jpg 1491w, https:\/\/lepetitatelierdisa.fr\/wp-content\/uploads\/2025\/10\/Petales-de-mer-40x40-1-1988x2048.jpg 1988w\" sizes=\"(max-width: 994px) 100vw, 994px\" \/>\t\t\t\t\t\t\t\t\t\t\t\t\t\t\t<\/div>\n\t\t\t\t\t<\/div>\n\t\t\t\t<\/div>\n\t\t\t\t<\/div>\n\t\t","protected":false},"excerpt":{"rendered":"<p>1er tableau 30&#215;30 cm d&#8217;un duo\u00a0 &#8220;Mixit\u00e9 1&#8221; associe des coupelles blanc mat et brillant sur fond terracotta &#8220;Mixit\u00e9 2&#8221; associe des coupelles de terre noire \u00e9maill\u00e9e, ou brute avec un liser\u00e9 dor\u00e9 &#8220;Evasion&#8221;Tableau 40x40cm en porcelaine &#8220;Fleur de mer&#8221;Tableau 40x40cm en porcelaine<\/p>\n","protected":false},"author":1,"featured_media":0,"parent":0,"menu_order":0,"comment_status":"closed","ping_status":"closed","template":"","meta":{"_kadence_starter_templates_imported_post":false,"_kad_post_transparent":"default","_kad_post_title":"hide","_kad_post_layout":"fullwidth","_kad_post_sidebar_id":"","_kad_post_content_style":"unboxed","_kad_post_vertical_padding":"hide","_kad_post_feature":"hide","_kad_post_feature_position":"","_kad_post_header":false,"_kad_post_footer":false,"footnotes":""},"class_list":["post-369","page","type-page","status-publish","hentry"],"_links":{"self":[{"href":"https:\/\/lepetitatelierdisa.fr\/index.php\/wp-json\/wp\/v2\/pages\/369","targetHints":{"allow":["GET"]}}],"collection":[{"href":"https:\/\/lepetitatelierdisa.fr\/index.php\/wp-json\/wp\/v2\/pages"}],"about":[{"href":"https:\/\/lepetitatelierdisa.fr\/index.php\/wp-json\/wp\/v2\/types\/page"}],"author":[{"embeddable":true,"href":"https:\/\/lepetitatelierdisa.fr\/index.php\/wp-json\/wp\/v2\/users\/1"}],"replies":[{"embeddable":true,"href":"https:\/\/lepetitatelierdisa.fr\/index.php\/wp-json\/wp\/v2\/comments?post=369"}],"version-history":[{"count":11,"href":"https:\/\/lepetitatelierdisa.fr\/index.php\/wp-json\/wp\/v2\/pages\/369\/revisions"}],"predecessor-version":[{"id":407,"href":"https:\/\/lepetitatelierdisa.fr\/index.php\/wp-json\/wp\/v2\/pages\/369\/revisions\/407"}],"wp:attachment":[{"href":"https:\/\/lepetitatelierdisa.fr\/index.php\/wp-json\/wp\/v2\/media?parent=369"}],"curies":[{"name":"wp","href":"https:\/\/api.w.org\/{rel}","templated":true}]}}