{"id":295,"date":"2024-06-02T14:49:28","date_gmt":"2024-06-02T12:49:28","guid":{"rendered":"https:\/\/lepetitatelierdisa.fr\/?page_id=295"},"modified":"2024-06-02T14:55:59","modified_gmt":"2024-06-02T12:55:59","slug":"les-kits-de-mosaique-sans-outils","status":"publish","type":"page","link":"https:\/\/lepetitatelierdisa.fr\/index.php\/les-kits-de-mosaique-sans-outils\/","title":{"rendered":"Les kits de mosa\u00efque sans outils"},"content":{"rendered":"\n<p>Une fa\u00e7on originale de d\u00e9couvrir l&#8217;activit\u00e9 avec des mat\u00e9riaux uniques.<br>Accessibles d\u00e8s 7 ans accompagn\u00e9 d&#8217;un adulte 2 cat\u00e9gories sont disponibles :<br> &#8211; mod\u00e8le &#8220;puzzle&#8221; avec un motif \u00e0 reproduire<br> &#8211; mod\u00e8le en libert\u00e9 o\u00f9 vous disposez de pi\u00e8ces \u00e0 assembler selon votre inspiration<\/p>\n\n\n\n<p>Vous avez un projet de cr\u00e9dence, de d\u00e9cor&#8230; <br>Contactez-moi !<\/p>\n\n\n\n<figure class=\"wp-block-gallery has-nested-images columns-default is-cropped wp-block-gallery-1 is-layout-flex wp-block-gallery-is-layout-flex\">\n<figure class=\"wp-block-image size-large\"><img fetchpriority=\"high\" decoding=\"async\" width=\"1024\" height=\"1014\" data-id=\"298\" src=\"https:\/\/lepetitatelierdisa.fr\/wp-content\/uploads\/2024\/06\/0144-1024x1014.jpg\" alt=\"\" class=\"wp-image-298\" srcset=\"https:\/\/lepetitatelierdisa.fr\/wp-content\/uploads\/2024\/06\/0144-1024x1014.jpg 1024w, https:\/\/lepetitatelierdisa.fr\/wp-content\/uploads\/2024\/06\/0144-300x297.jpg 300w, https:\/\/lepetitatelierdisa.fr\/wp-content\/uploads\/2024\/06\/0144-150x150.jpg 150w, https:\/\/lepetitatelierdisa.fr\/wp-content\/uploads\/2024\/06\/0144-768x761.jpg 768w, https:\/\/lepetitatelierdisa.fr\/wp-content\/uploads\/2024\/06\/0144-1536x1521.jpg 1536w, https:\/\/lepetitatelierdisa.fr\/wp-content\/uploads\/2024\/06\/0144-2048x2028.jpg 2048w\" sizes=\"(max-width: 1024px) 100vw, 1024px\" \/><\/figure>\n\n\n\n<figure class=\"wp-block-image size-large\"><img decoding=\"async\" width=\"1024\" height=\"1013\" data-id=\"297\" src=\"https:\/\/lepetitatelierdisa.fr\/wp-content\/uploads\/2024\/06\/Kit-dessous-de-plat-en-liberte-1024x1013.jpg\" alt=\"\" class=\"wp-image-297\" srcset=\"https:\/\/lepetitatelierdisa.fr\/wp-content\/uploads\/2024\/06\/Kit-dessous-de-plat-en-liberte-1024x1013.jpg 1024w, https:\/\/lepetitatelierdisa.fr\/wp-content\/uploads\/2024\/06\/Kit-dessous-de-plat-en-liberte-300x297.jpg 300w, https:\/\/lepetitatelierdisa.fr\/wp-content\/uploads\/2024\/06\/Kit-dessous-de-plat-en-liberte-768x760.jpg 768w, https:\/\/lepetitatelierdisa.fr\/wp-content\/uploads\/2024\/06\/Kit-dessous-de-plat-en-liberte-1536x1519.jpg 1536w, https:\/\/lepetitatelierdisa.fr\/wp-content\/uploads\/2024\/06\/Kit-dessous-de-plat-en-liberte-2048x2026.jpg 2048w\" sizes=\"(max-width: 1024px) 100vw, 1024px\" \/><\/figure>\n\n\n\n<figure class=\"wp-block-image size-large\"><img decoding=\"async\" width=\"768\" height=\"1024\" data-id=\"296\" src=\"https:\/\/lepetitatelierdisa.fr\/wp-content\/uploads\/2024\/06\/0174-768x1024.jpg\" alt=\"\" class=\"wp-image-296\" srcset=\"https:\/\/lepetitatelierdisa.fr\/wp-content\/uploads\/2024\/06\/0174-768x1024.jpg 768w, https:\/\/lepetitatelierdisa.fr\/wp-content\/uploads\/2024\/06\/0174-225x300.jpg 225w, https:\/\/lepetitatelierdisa.fr\/wp-content\/uploads\/2024\/06\/0174-1152x1536.jpg 1152w, https:\/\/lepetitatelierdisa.fr\/wp-content\/uploads\/2024\/06\/0174-1536x2048.jpg 1536w, https:\/\/lepetitatelierdisa.fr\/wp-content\/uploads\/2024\/06\/0174-scaled.jpg 1920w\" sizes=\"(max-width: 768px) 100vw, 768px\" \/><\/figure>\n<\/figure>\n","protected":false},"excerpt":{"rendered":"<p>Une fa\u00e7on originale de d\u00e9couvrir l&#8217;activit\u00e9 avec des mat\u00e9riaux uniques.Accessibles d\u00e8s 7 ans accompagn\u00e9 d&#8217;un adulte 2 cat\u00e9gories sont disponibles : &#8211; mod\u00e8le &#8220;puzzle&#8221; avec un motif \u00e0 reproduire &#8211; mod\u00e8le en libert\u00e9 o\u00f9 vous disposez de pi\u00e8ces \u00e0 assembler selon votre inspiration Vous avez un projet de cr\u00e9dence, de d\u00e9cor&#8230; Contactez-moi !<\/p>\n","protected":false},"author":1,"featured_media":0,"parent":0,"menu_order":0,"comment_status":"closed","ping_status":"closed","template":"","meta":{"_kadence_starter_templates_imported_post":false,"_kad_post_transparent":"","_kad_post_title":"","_kad_post_layout":"","_kad_post_sidebar_id":"","_kad_post_content_style":"","_kad_post_vertical_padding":"","_kad_post_feature":"","_kad_post_feature_position":"","_kad_post_header":false,"_kad_post_footer":false,"footnotes":""},"class_list":["post-295","page","type-page","status-publish","hentry"],"_links":{"self":[{"href":"https:\/\/lepetitatelierdisa.fr\/index.php\/wp-json\/wp\/v2\/pages\/295","targetHints":{"allow":["GET"]}}],"collection":[{"href":"https:\/\/lepetitatelierdisa.fr\/index.php\/wp-json\/wp\/v2\/pages"}],"about":[{"href":"https:\/\/lepetitatelierdisa.fr\/index.php\/wp-json\/wp\/v2\/types\/page"}],"author":[{"embeddable":true,"href":"https:\/\/lepetitatelierdisa.fr\/index.php\/wp-json\/wp\/v2\/users\/1"}],"replies":[{"embeddable":true,"href":"https:\/\/lepetitatelierdisa.fr\/index.php\/wp-json\/wp\/v2\/comments?post=295"}],"version-history":[{"count":3,"href":"https:\/\/lepetitatelierdisa.fr\/index.php\/wp-json\/wp\/v2\/pages\/295\/revisions"}],"predecessor-version":[{"id":302,"href":"https:\/\/lepetitatelierdisa.fr\/index.php\/wp-json\/wp\/v2\/pages\/295\/revisions\/302"}],"wp:attachment":[{"href":"https:\/\/lepetitatelierdisa.fr\/index.php\/wp-json\/wp\/v2\/media?parent=295"}],"curies":[{"name":"wp","href":"https:\/\/api.w.org\/{rel}","templated":true}]}}