{"id":260,"date":"2024-06-02T13:16:23","date_gmt":"2024-06-02T11:16:23","guid":{"rendered":"https:\/\/lepetitatelierdisa.fr\/?page_id=260"},"modified":"2024-06-02T13:44:36","modified_gmt":"2024-06-02T11:44:36","slug":"ardoises-pense-bete-et-pateres","status":"publish","type":"page","link":"https:\/\/lepetitatelierdisa.fr\/index.php\/ardoises-pense-bete-et-pateres\/","title":{"rendered":"Les Zanimoz"},"content":{"rendered":"\n<p>Ardoises pense-b\u00eate et pat\u00e8res, pour une chambre d&#8217;enfant, une entr\u00e9e, une cuisine&#8230;<br>Une pat\u00e8re unique, ou plusieurs pour y accrocher une \u00e9charpe, un bonnet ou encore des cl\u00e9s, des torchons, ou des ustensiles de cuisine&#8230;<\/p>\n\n\n\n<p>Envie d&#8217;un autre animal ?<br>Contactez-moi !<br><\/p>\n\n\n\n<figure class=\"wp-block-gallery has-nested-images columns-default is-cropped wp-block-gallery-1 is-layout-flex wp-block-gallery-is-layout-flex\">\n<figure class=\"wp-block-image size-large\"><img fetchpriority=\"high\" decoding=\"async\" width=\"768\" height=\"1024\" data-id=\"231\" src=\"https:\/\/lepetitatelierdisa.fr\/wp-content\/uploads\/2024\/06\/Patere-Gaspard-768x1024.jpg\" alt=\"\" class=\"wp-image-231\" srcset=\"https:\/\/lepetitatelierdisa.fr\/wp-content\/uploads\/2024\/06\/Patere-Gaspard-768x1024.jpg 768w, https:\/\/lepetitatelierdisa.fr\/wp-content\/uploads\/2024\/06\/Patere-Gaspard-225x300.jpg 225w, https:\/\/lepetitatelierdisa.fr\/wp-content\/uploads\/2024\/06\/Patere-Gaspard-1152x1536.jpg 1152w, https:\/\/lepetitatelierdisa.fr\/wp-content\/uploads\/2024\/06\/Patere-Gaspard-1536x2048.jpg 1536w, https:\/\/lepetitatelierdisa.fr\/wp-content\/uploads\/2024\/06\/Patere-Gaspard-scaled.jpg 1920w\" sizes=\"(max-width: 768px) 100vw, 768px\" \/><figcaption class=\"wp-element-caption\">Gaspard pat\u00e8re double<\/figcaption><\/figure>\n\n\n\n<figure class=\"wp-block-image size-large\"><img decoding=\"async\" width=\"768\" height=\"1024\" data-id=\"230\" src=\"https:\/\/lepetitatelierdisa.fr\/wp-content\/uploads\/2024\/06\/Marcelin-1-768x1024.jpg\" alt=\"\" class=\"wp-image-230\" srcset=\"https:\/\/lepetitatelierdisa.fr\/wp-content\/uploads\/2024\/06\/Marcelin-1-768x1024.jpg 768w, https:\/\/lepetitatelierdisa.fr\/wp-content\/uploads\/2024\/06\/Marcelin-1-225x300.jpg 225w, https:\/\/lepetitatelierdisa.fr\/wp-content\/uploads\/2024\/06\/Marcelin-1-1152x1536.jpg 1152w, https:\/\/lepetitatelierdisa.fr\/wp-content\/uploads\/2024\/06\/Marcelin-1-1536x2048.jpg 1536w, https:\/\/lepetitatelierdisa.fr\/wp-content\/uploads\/2024\/06\/Marcelin-1-scaled.jpg 1920w\" sizes=\"(max-width: 768px) 100vw, 768px\" \/><figcaption class=\"wp-element-caption\">Marcelin pat\u00e8re simple<\/figcaption><\/figure>\n\n\n\n<figure class=\"wp-block-image size-large\"><img decoding=\"async\" width=\"768\" height=\"1024\" data-id=\"229\" src=\"https:\/\/lepetitatelierdisa.fr\/wp-content\/uploads\/2024\/06\/Leonie-768x1024.jpg\" alt=\"\" class=\"wp-image-229\" srcset=\"https:\/\/lepetitatelierdisa.fr\/wp-content\/uploads\/2024\/06\/Leonie-768x1024.jpg 768w, https:\/\/lepetitatelierdisa.fr\/wp-content\/uploads\/2024\/06\/Leonie-225x300.jpg 225w, https:\/\/lepetitatelierdisa.fr\/wp-content\/uploads\/2024\/06\/Leonie-1152x1536.jpg 1152w, https:\/\/lepetitatelierdisa.fr\/wp-content\/uploads\/2024\/06\/Leonie-1536x2048.jpg 1536w, https:\/\/lepetitatelierdisa.fr\/wp-content\/uploads\/2024\/06\/Leonie-scaled.jpg 1920w\" sizes=\"(max-width: 768px) 100vw, 768px\" \/><figcaption class=\"wp-element-caption\">L\u00e9onie<\/figcaption><\/figure>\n\n\n\n<figure class=\"wp-block-image size-large\"><img loading=\"lazy\" decoding=\"async\" width=\"768\" height=\"1024\" data-id=\"228\" src=\"https:\/\/lepetitatelierdisa.fr\/wp-content\/uploads\/2024\/06\/Edgar-768x1024.jpg\" alt=\"\" class=\"wp-image-228\" srcset=\"https:\/\/lepetitatelierdisa.fr\/wp-content\/uploads\/2024\/06\/Edgar-768x1024.jpg 768w, https:\/\/lepetitatelierdisa.fr\/wp-content\/uploads\/2024\/06\/Edgar-225x300.jpg 225w, https:\/\/lepetitatelierdisa.fr\/wp-content\/uploads\/2024\/06\/Edgar-1152x1536.jpg 1152w, https:\/\/lepetitatelierdisa.fr\/wp-content\/uploads\/2024\/06\/Edgar-1536x2048.jpg 1536w, https:\/\/lepetitatelierdisa.fr\/wp-content\/uploads\/2024\/06\/Edgar-scaled.jpg 1920w\" sizes=\"(max-width: 768px) 100vw, 768px\" \/><figcaption class=\"wp-element-caption\">Edgar<\/figcaption><\/figure>\n\n\n\n<figure class=\"wp-block-image size-large\"><img loading=\"lazy\" decoding=\"async\" width=\"768\" height=\"1024\" data-id=\"227\" src=\"https:\/\/lepetitatelierdisa.fr\/wp-content\/uploads\/2024\/06\/Urbain-768x1024.jpg\" alt=\"\" class=\"wp-image-227\" srcset=\"https:\/\/lepetitatelierdisa.fr\/wp-content\/uploads\/2024\/06\/Urbain-768x1024.jpg 768w, https:\/\/lepetitatelierdisa.fr\/wp-content\/uploads\/2024\/06\/Urbain-225x300.jpg 225w, https:\/\/lepetitatelierdisa.fr\/wp-content\/uploads\/2024\/06\/Urbain-1152x1536.jpg 1152w, https:\/\/lepetitatelierdisa.fr\/wp-content\/uploads\/2024\/06\/Urbain-1536x2048.jpg 1536w, https:\/\/lepetitatelierdisa.fr\/wp-content\/uploads\/2024\/06\/Urbain-scaled.jpg 1920w\" sizes=\"(max-width: 768px) 100vw, 768px\" \/><figcaption class=\"wp-element-caption\">Urbain<\/figcaption><\/figure>\n\n\n\n<figure class=\"wp-block-image size-large\"><img loading=\"lazy\" decoding=\"async\" width=\"768\" height=\"1024\" data-id=\"226\" src=\"https:\/\/lepetitatelierdisa.fr\/wp-content\/uploads\/2024\/06\/Sidonie-768x1024.jpg\" alt=\"\" class=\"wp-image-226\" srcset=\"https:\/\/lepetitatelierdisa.fr\/wp-content\/uploads\/2024\/06\/Sidonie-768x1024.jpg 768w, https:\/\/lepetitatelierdisa.fr\/wp-content\/uploads\/2024\/06\/Sidonie-225x300.jpg 225w, https:\/\/lepetitatelierdisa.fr\/wp-content\/uploads\/2024\/06\/Sidonie-1152x1536.jpg 1152w, https:\/\/lepetitatelierdisa.fr\/wp-content\/uploads\/2024\/06\/Sidonie-1536x2048.jpg 1536w, https:\/\/lepetitatelierdisa.fr\/wp-content\/uploads\/2024\/06\/Sidonie-scaled.jpg 1920w\" sizes=\"(max-width: 768px) 100vw, 768px\" \/><figcaption class=\"wp-element-caption\">Valentine<\/figcaption><\/figure>\n\n\n\n<figure class=\"wp-block-image size-large\"><img loading=\"lazy\" decoding=\"async\" width=\"768\" height=\"1024\" data-id=\"225\" src=\"https:\/\/lepetitatelierdisa.fr\/wp-content\/uploads\/2024\/06\/Octave-768x1024.jpg\" alt=\"\" class=\"wp-image-225\" srcset=\"https:\/\/lepetitatelierdisa.fr\/wp-content\/uploads\/2024\/06\/Octave-768x1024.jpg 768w, https:\/\/lepetitatelierdisa.fr\/wp-content\/uploads\/2024\/06\/Octave-225x300.jpg 225w, https:\/\/lepetitatelierdisa.fr\/wp-content\/uploads\/2024\/06\/Octave-1152x1536.jpg 1152w, https:\/\/lepetitatelierdisa.fr\/wp-content\/uploads\/2024\/06\/Octave-1536x2048.jpg 1536w, https:\/\/lepetitatelierdisa.fr\/wp-content\/uploads\/2024\/06\/Octave-scaled.jpg 1920w\" sizes=\"(max-width: 768px) 100vw, 768px\" \/><figcaption class=\"wp-element-caption\">Henriette<\/figcaption><\/figure>\n<\/figure>\n","protected":false},"excerpt":{"rendered":"<p>Ardoises pense-b\u00eate et pat\u00e8res, pour une chambre d&#8217;enfant, une entr\u00e9e, une cuisine&#8230;Une pat\u00e8re unique, ou plusieurs pour y accrocher une \u00e9charpe, un bonnet ou encore des cl\u00e9s, des torchons, ou des ustensiles de cuisine&#8230; Envie d&#8217;un autre animal ?Contactez-moi !<\/p>\n","protected":false},"author":1,"featured_media":0,"parent":0,"menu_order":0,"comment_status":"closed","ping_status":"closed","template":"","meta":{"_kadence_starter_templates_imported_post":false,"_kad_post_transparent":"","_kad_post_title":"","_kad_post_layout":"","_kad_post_sidebar_id":"","_kad_post_content_style":"","_kad_post_vertical_padding":"","_kad_post_feature":"","_kad_post_feature_position":"","_kad_post_header":false,"_kad_post_footer":false,"footnotes":""},"class_list":["post-260","page","type-page","status-publish","hentry"],"_links":{"self":[{"href":"https:\/\/lepetitatelierdisa.fr\/index.php\/wp-json\/wp\/v2\/pages\/260","targetHints":{"allow":["GET"]}}],"collection":[{"href":"https:\/\/lepetitatelierdisa.fr\/index.php\/wp-json\/wp\/v2\/pages"}],"about":[{"href":"https:\/\/lepetitatelierdisa.fr\/index.php\/wp-json\/wp\/v2\/types\/page"}],"author":[{"embeddable":true,"href":"https:\/\/lepetitatelierdisa.fr\/index.php\/wp-json\/wp\/v2\/users\/1"}],"replies":[{"embeddable":true,"href":"https:\/\/lepetitatelierdisa.fr\/index.php\/wp-json\/wp\/v2\/comments?post=260"}],"version-history":[{"count":3,"href":"https:\/\/lepetitatelierdisa.fr\/index.php\/wp-json\/wp\/v2\/pages\/260\/revisions"}],"predecessor-version":[{"id":268,"href":"https:\/\/lepetitatelierdisa.fr\/index.php\/wp-json\/wp\/v2\/pages\/260\/revisions\/268"}],"wp:attachment":[{"href":"https:\/\/lepetitatelierdisa.fr\/index.php\/wp-json\/wp\/v2\/media?parent=260"}],"curies":[{"name":"wp","href":"https:\/\/api.w.org\/{rel}","templated":true}]}}