{"id":2,"date":"2024-02-11T22:21:40","date_gmt":"2024-02-11T21:21:40","guid":{"rendered":"http:\/\/lepetitatelierdisa.fr\/?page_id=2"},"modified":"2024-06-02T18:07:17","modified_gmt":"2024-06-02T16:07:17","slug":"page-d-exemple","status":"publish","type":"page","link":"https:\/\/lepetitatelierdisa.fr\/index.php\/page-d-exemple\/","title":{"rendered":"A Propos"},"content":{"rendered":"\n<div class=\"wp-block-media-text is-vertically-aligned-top\" style=\"grid-template-columns:15% auto\"><figure class=\"wp-block-media-text__media\"><img fetchpriority=\"high\" decoding=\"async\" width=\"741\" height=\"1024\" src=\"https:\/\/lepetitatelierdisa.fr\/wp-content\/uploads\/2024\/06\/P1050919a-2-741x1024.jpg\" alt=\"\" class=\"wp-image-327 size-full\" srcset=\"https:\/\/lepetitatelierdisa.fr\/wp-content\/uploads\/2024\/06\/P1050919a-2-741x1024.jpg 741w, https:\/\/lepetitatelierdisa.fr\/wp-content\/uploads\/2024\/06\/P1050919a-2-217x300.jpg 217w, https:\/\/lepetitatelierdisa.fr\/wp-content\/uploads\/2024\/06\/P1050919a-2-768x1062.jpg 768w, https:\/\/lepetitatelierdisa.fr\/wp-content\/uploads\/2024\/06\/P1050919a-2-1111x1536.jpg 1111w, https:\/\/lepetitatelierdisa.fr\/wp-content\/uploads\/2024\/06\/P1050919a-2.jpg 1235w\" sizes=\"(max-width: 741px) 100vw, 741px\" \/><\/figure><div class=\"wp-block-media-text__content\">\n<p>Isa c&#8217;est moi !<\/p>\n\n\n\n<p>Mosa\u00efste depuis 2012, courant 2016 je d\u00e9couvre le travail de l&#8217;argile qui va m&#8217;ouvrir de nouveaux horizons.<\/p>\n\n\n\n<p>Inspir\u00e9e par les zelliges aux motifs tr\u00e8s g\u00e9om\u00e9triques, je travaille \u00e0 d\u00e9tourner la technique de fabrication des artisans marocains pour \u00eatre plus libre dans mes motifs. <\/p>\n\n\n\n<p>Malgr\u00e9 de nombreux tests rat\u00e9s, je ne l\u00e2che rien. <\/p>\n\n\n\n<p>Aujourd&#8217;hui je cr\u00e9e les pi\u00e8ces qui composent mes mosaiques, et j&#8217;obtiens ainsi des formes et des couleurs uniques. <\/p>\n\n\n\n<p>Cette technique me permets aujourd&#8217;hui de proposer des kits sans outils pour s&#8217;initier sans contrainte \u00e0 cette activit\u00e9.<\/p>\n\n\n\n<p>Je suis \u00e9galement en capacit\u00e9 de r\u00e9aliser des d\u00e9cors plus grands, comme des cr\u00e9dences, pour que votre int\u00e9rieur ne ressemble \u00e0 aucun autre.<\/p>\n<\/div><\/div>\n\n\n\n<div class=\"wp-block-media-text is-stacked-on-mobile\" style=\"grid-template-columns:15% auto\"><figure class=\"wp-block-media-text__media\"><img decoding=\"async\" width=\"567\" height=\"565\" src=\"https:\/\/lepetitatelierdisa.fr\/wp-content\/uploads\/2024\/06\/Made-in-essonne-1.png\" alt=\"\" class=\"wp-image-331 size-full\" srcset=\"https:\/\/lepetitatelierdisa.fr\/wp-content\/uploads\/2024\/06\/Made-in-essonne-1.png 567w, https:\/\/lepetitatelierdisa.fr\/wp-content\/uploads\/2024\/06\/Made-in-essonne-1-300x300.png 300w, https:\/\/lepetitatelierdisa.fr\/wp-content\/uploads\/2024\/06\/Made-in-essonne-1-150x150.png 150w\" sizes=\"(max-width: 567px) 100vw, 567px\" \/><\/figure><div class=\"wp-block-media-text__content\">\n<p>C&#8217;est une grande fiert\u00e9 d&#8217;\u00eatre soutenue par le Coll\u00e8ge des savoir-faire d&#8217;Essonne Tourisme depuis 2018 en tant qu&#8217;artisan d&#8217;art.<\/p>\n<\/div><\/div>\n","protected":false},"excerpt":{"rendered":"<p>Isa c&#8217;est moi ! Mosa\u00efste depuis 2012, courant 2016 je d\u00e9couvre le travail de l&#8217;argile qui va m&#8217;ouvrir de nouveaux horizons. Inspir\u00e9e par les zelliges aux motifs tr\u00e8s g\u00e9om\u00e9triques, je travaille \u00e0 d\u00e9tourner la technique de fabrication des artisans marocains pour \u00eatre plus libre dans mes motifs. Malgr\u00e9 de nombreux tests rat\u00e9s, je ne l\u00e2che&#8230;<\/p>\n","protected":false},"author":1,"featured_media":0,"parent":0,"menu_order":0,"comment_status":"closed","ping_status":"open","template":"","meta":{"_kadence_starter_templates_imported_post":false,"_kad_post_transparent":"","_kad_post_title":"","_kad_post_layout":"","_kad_post_sidebar_id":"","_kad_post_content_style":"","_kad_post_vertical_padding":"","_kad_post_feature":"","_kad_post_feature_position":"","_kad_post_header":false,"_kad_post_footer":false,"footnotes":""},"class_list":["post-2","page","type-page","status-publish","hentry"],"_links":{"self":[{"href":"https:\/\/lepetitatelierdisa.fr\/index.php\/wp-json\/wp\/v2\/pages\/2","targetHints":{"allow":["GET"]}}],"collection":[{"href":"https:\/\/lepetitatelierdisa.fr\/index.php\/wp-json\/wp\/v2\/pages"}],"about":[{"href":"https:\/\/lepetitatelierdisa.fr\/index.php\/wp-json\/wp\/v2\/types\/page"}],"author":[{"embeddable":true,"href":"https:\/\/lepetitatelierdisa.fr\/index.php\/wp-json\/wp\/v2\/users\/1"}],"replies":[{"embeddable":true,"href":"https:\/\/lepetitatelierdisa.fr\/index.php\/wp-json\/wp\/v2\/comments?post=2"}],"version-history":[{"count":5,"href":"https:\/\/lepetitatelierdisa.fr\/index.php\/wp-json\/wp\/v2\/pages\/2\/revisions"}],"predecessor-version":[{"id":333,"href":"https:\/\/lepetitatelierdisa.fr\/index.php\/wp-json\/wp\/v2\/pages\/2\/revisions\/333"}],"wp:attachment":[{"href":"https:\/\/lepetitatelierdisa.fr\/index.php\/wp-json\/wp\/v2\/media?parent=2"}],"curies":[{"name":"wp","href":"https:\/\/api.w.org\/{rel}","templated":true}]}}