{"id":161,"date":"2020-02-26T09:07:17","date_gmt":"2020-02-26T09:07:17","guid":{"rendered":"https:\/\/demosites.io\/lawyers-gb\/?page_id=161"},"modified":"2024-06-02T14:02:01","modified_gmt":"2024-06-02T12:02:01","slug":"a02e5-the-law-firm","status":"publish","type":"page","link":"https:\/\/lepetitatelierdisa.fr\/index.php\/a02e5-the-law-firm\/","title":{"rendered":"Cr\u00e9ations"},"content":{"rendered":"\n<p>Les mat\u00e9riaux pour cr\u00e9er des mosa\u00efques sont infinis.<br>Aujourd&#8217;hui, je cr\u00e9e la majorit\u00e9 de mes pi\u00e8ces en argile pour davantage de libert\u00e9.<\/p>\n\n\n\n<div class=\"wp-block-columns are-vertically-aligned-top is-layout-flex wp-container-core-columns-is-layout-9d6595d7 wp-block-columns-is-layout-flex\">\n<div class=\"wp-block-column is-layout-flow wp-block-column-is-layout-flow\" style=\"flex-basis:50%\">\n<figure class=\"wp-block-image is-resized\"><img fetchpriority=\"high\" decoding=\"async\" width=\"798\" height=\"1024\" src=\"https:\/\/lepetitatelierdisa.fr\/wp-content\/uploads\/2024\/06\/PXL_20230808_095505055-1-798x1024.jpg\" alt=\"\" class=\"wp-image-271\" style=\"width:270px;height:auto\" srcset=\"https:\/\/lepetitatelierdisa.fr\/wp-content\/uploads\/2024\/06\/PXL_20230808_095505055-1-798x1024.jpg 798w, https:\/\/lepetitatelierdisa.fr\/wp-content\/uploads\/2024\/06\/PXL_20230808_095505055-1-234x300.jpg 234w, https:\/\/lepetitatelierdisa.fr\/wp-content\/uploads\/2024\/06\/PXL_20230808_095505055-1-768x985.jpg 768w, https:\/\/lepetitatelierdisa.fr\/wp-content\/uploads\/2024\/06\/PXL_20230808_095505055-1-1197x1536.jpg 1197w, https:\/\/lepetitatelierdisa.fr\/wp-content\/uploads\/2024\/06\/PXL_20230808_095505055-1-1596x2048.jpg 1596w, https:\/\/lepetitatelierdisa.fr\/wp-content\/uploads\/2024\/06\/PXL_20230808_095505055-1-scaled.jpg 1995w\" sizes=\"(max-width: 798px) 100vw, 798px\" \/><\/figure>\n<\/div>\n\n\n\n<div class=\"wp-block-column is-layout-flow wp-block-column-is-layout-flow\" style=\"flex-basis:50%\">\n<p>Apr\u00e8s la conception du dessin, s&#8217;en suit le travail de la terre :<br>fa\u00e7onnage, \u00e9maillage, cuisson avant de recomposer le motif imagin\u00e9<\/p>\n\n\n\n<figure class=\"wp-block-image size-large is-resized\"><img decoding=\"async\" width=\"831\" height=\"1024\" src=\"https:\/\/lepetitatelierdisa.fr\/wp-content\/uploads\/2024\/06\/P10903412-1-831x1024.jpg\" alt=\"\" class=\"wp-image-270\" style=\"width:345px;height:auto\" srcset=\"https:\/\/lepetitatelierdisa.fr\/wp-content\/uploads\/2024\/06\/P10903412-1-831x1024.jpg 831w, https:\/\/lepetitatelierdisa.fr\/wp-content\/uploads\/2024\/06\/P10903412-1-244x300.jpg 244w, https:\/\/lepetitatelierdisa.fr\/wp-content\/uploads\/2024\/06\/P10903412-1-768x946.jpg 768w, https:\/\/lepetitatelierdisa.fr\/wp-content\/uploads\/2024\/06\/P10903412-1-1247x1536.jpg 1247w, https:\/\/lepetitatelierdisa.fr\/wp-content\/uploads\/2024\/06\/P10903412-1-1663x2048.jpg 1663w, https:\/\/lepetitatelierdisa.fr\/wp-content\/uploads\/2024\/06\/P10903412-1.jpg 1774w\" sizes=\"(max-width: 831px) 100vw, 831px\" \/><\/figure>\n<\/div>\n<\/div>\n","protected":false},"excerpt":{"rendered":"<p>Les mat\u00e9riaux pour cr\u00e9er des mosa\u00efques sont infinis.Aujourd&#8217;hui, je cr\u00e9e la majorit\u00e9 de mes pi\u00e8ces en argile pour davantage de libert\u00e9. Apr\u00e8s la conception du dessin, s&#8217;en suit le travail de la terre :fa\u00e7onnage, \u00e9maillage, cuisson avant de recomposer le motif imagin\u00e9<\/p>\n","protected":false},"author":1,"featured_media":0,"parent":0,"menu_order":0,"comment_status":"closed","ping_status":"closed","template":"page-templates\/template-pagebuilder-full-width.php","meta":{"_kadence_starter_templates_imported_post":false,"_kad_post_transparent":"","_kad_post_title":"","_kad_post_layout":"","_kad_post_sidebar_id":"","_kad_post_content_style":"default","_kad_post_vertical_padding":"default","_kad_post_feature":"","_kad_post_feature_position":"","_kad_post_header":false,"_kad_post_footer":false,"footnotes":""},"class_list":["post-161","page","type-page","status-publish","hentry"],"_links":{"self":[{"href":"https:\/\/lepetitatelierdisa.fr\/index.php\/wp-json\/wp\/v2\/pages\/161","targetHints":{"allow":["GET"]}}],"collection":[{"href":"https:\/\/lepetitatelierdisa.fr\/index.php\/wp-json\/wp\/v2\/pages"}],"about":[{"href":"https:\/\/lepetitatelierdisa.fr\/index.php\/wp-json\/wp\/v2\/types\/page"}],"author":[{"embeddable":true,"href":"https:\/\/lepetitatelierdisa.fr\/index.php\/wp-json\/wp\/v2\/users\/1"}],"replies":[{"embeddable":true,"href":"https:\/\/lepetitatelierdisa.fr\/index.php\/wp-json\/wp\/v2\/comments?post=161"}],"version-history":[{"count":10,"href":"https:\/\/lepetitatelierdisa.fr\/index.php\/wp-json\/wp\/v2\/pages\/161\/revisions"}],"predecessor-version":[{"id":273,"href":"https:\/\/lepetitatelierdisa.fr\/index.php\/wp-json\/wp\/v2\/pages\/161\/revisions\/273"}],"wp:attachment":[{"href":"https:\/\/lepetitatelierdisa.fr\/index.php\/wp-json\/wp\/v2\/media?parent=161"}],"curies":[{"name":"wp","href":"https:\/\/api.w.org\/{rel}","templated":true}]}}