{"id":142,"date":"2020-02-24T14:01:31","date_gmt":"2020-02-24T14:01:31","guid":{"rendered":"https:\/\/demosites.io\/lawyers-gb\/?page_id=142"},"modified":"2025-10-24T21:20:17","modified_gmt":"2025-10-24T19:20:17","slug":"a02e5-homepage","status":"publish","type":"page","link":"https:\/\/lepetitatelierdisa.fr\/","title":{"rendered":"Accueil"},"content":{"rendered":"\t\t<div data-elementor-type=\"wp-page\" data-elementor-id=\"142\" class=\"elementor elementor-142\">\n\t\t\t\t<div class=\"elementor-element elementor-element-653e707c e-flex e-con-boxed e-con e-parent\" data-id=\"653e707c\" data-element_type=\"container\">\n\t\t\t\t\t<div class=\"e-con-inner\">\n\t\t\t\t<div class=\"elementor-element elementor-element-af42e3d elementor-widget elementor-widget-text-editor\" data-id=\"af42e3d\" data-element_type=\"widget\" data-widget_type=\"text-editor.default\">\n\t\t\t\t\t\t\t\t\t<div class=\"wp-block-image\">\n<figure class=\"aligncenter size-large is-resized\"><img fetchpriority=\"high\" decoding=\"async\" width=\"1024\" height=\"377\" class=\"wp-image-284\" style=\"width: 1004px; height: 370px;\" src=\"https:\/\/lepetitatelierdisa.fr\/wp-content\/uploads\/2024\/06\/Le-Petit-Atelier-dIsa-banniere-2-1024x377.png\" alt=\"\" srcset=\"https:\/\/lepetitatelierdisa.fr\/wp-content\/uploads\/2024\/06\/Le-Petit-Atelier-dIsa-banniere-2-1024x377.png 1024w, https:\/\/lepetitatelierdisa.fr\/wp-content\/uploads\/2024\/06\/Le-Petit-Atelier-dIsa-banniere-2-300x110.png 300w, https:\/\/lepetitatelierdisa.fr\/wp-content\/uploads\/2024\/06\/Le-Petit-Atelier-dIsa-banniere-2-768x283.png 768w, https:\/\/lepetitatelierdisa.fr\/wp-content\/uploads\/2024\/06\/Le-Petit-Atelier-dIsa-banniere-2-1536x565.png 1536w, https:\/\/lepetitatelierdisa.fr\/wp-content\/uploads\/2024\/06\/Le-Petit-Atelier-dIsa-banniere-2-2048x753.png 2048w\" sizes=\"(max-width: 1024px) 100vw, 1024px\" \/><\/figure>\n<div id=\"wp-block-themeisle-blocks-advanced-columns-90845b53\" class=\"wp-block-themeisle-blocks-advanced-columns alignfull has-3-columns has-desktop-equal-layout has-tablet-equal-layout has-mobile-collapsedRows-layout has-vertical-unset\">\n<div class=\"innerblocks-wrap\">\n<div id=\"wp-block-themeisle-blocks-advanced-column-f4d0871c\" class=\"wp-block-themeisle-blocks-advanced-column\">\n<div class=\"wp-block-themeisle-blocks-service\"><\/div>\n<h4 id=\"wp-block-themeisle-blocks-advanced-heading-0581cdc3\" class=\"wp-block-themeisle-blocks-advanced-heading wp-block-themeisle-blocks-advanced-heading-0581cdc3\"><a href=\"https:\/\/lepetitatelierdisa.fr\/index.php\/ardoises-pense-bete-et-pateres\/\" data-type=\"page\" data-id=\"260\"><span dir=\"auto\" style=\"vertical-align: inherit;\"><span dir=\"auto\" style=\"vertical-align: inherit;\"><span dir=\"auto\" style=\"vertical-align: inherit;\"><span dir=\"auto\" style=\"vertical-align: inherit;\"><span dir=\"auto\" style=\"vertical-align: inherit;\"><span dir=\"auto\" style=\"vertical-align: inherit;\"><span dir=\"auto\" style=\"vertical-align: inherit;\"><span dir=\"auto\" style=\"vertical-align: inherit;\">\u00a0 <\/span><\/span><\/span><\/span><\/span><\/span><\/span><\/span><\/a><\/h4>\n<\/div>\n<\/div>\n<\/div>\n<\/div>\n\t\t\t\t\t\t\t\t<\/div>\n\t\t\t\t\t<\/div>\n\t\t\t\t<\/div>\n\t\t<div class=\"elementor-element elementor-element-a9549d7 e-flex e-con-boxed e-con e-parent\" data-id=\"a9549d7\" data-element_type=\"container\">\n\t\t\t\t\t<div class=\"e-con-inner\">\n\t\t\t\t<div class=\"elementor-element elementor-element-f8b0eb6 elementor-widget__width-initial elementor-widget elementor-widget-text-editor\" data-id=\"f8b0eb6\" data-element_type=\"widget\" data-widget_type=\"text-editor.default\">\n\t\t\t\t\t\t\t\t\t<p><strong><a href=\"https:\/\/lepetitatelierdisa.fr\/index.php\/ardoises-pense-bete-et-pateres\/\">\u00a0 Ardoises et pat\u00e8res<\/a><\/strong><\/p>\n<p>Des pat\u00e8res et ardoises pensent-b\u00eate humoristiques.<\/p>\t\t\t\t\t\t\t\t<\/div>\n\t\t\t\t<div class=\"elementor-element elementor-element-39e0499 elementor-widget__width-initial elementor-widget elementor-widget-text-editor\" data-id=\"39e0499\" data-element_type=\"widget\" data-widget_type=\"text-editor.default\">\n\t\t\t\t\t\t\t\t\t<p><strong><a href=\"https:\/\/lepetitatelierdisa.fr\/index.php\/objets-du-quotidien\/\"><span dir=\"auto\" style=\"vertical-align: inherit;\"><span dir=\"auto\" style=\"vertical-align: inherit;\">Objets du quotidien<\/span><\/span><\/a><\/strong><\/p>\n<p><span dir=\"auto\" style=\"vertical-align: inherit;\"><span dir=\"auto\" style=\"vertical-align: inherit;\">\u00a0 \u00a0 \u00a0 \u00a0Des objets utilitaires et d\u00e9coratifs : <\/span><\/span><br \/><span dir=\"auto\" style=\"vertical-align: inherit;\"><span dir=\"auto\" style=\"vertical-align: inherit;\">\u00a0 \u00a0 \u00a0 \u00a0&#8211; dessous de plats <\/span><\/span><br \/><span dir=\"auto\" style=\"vertical-align: inherit;\"><span dir=\"auto\" style=\"vertical-align: inherit;\">\u00a0 \u00a0 \u00a0 \u00a0&#8211; miroirs <\/span><\/span><br \/><span dir=\"auto\" style=\"vertical-align: inherit;\"><span dir=\"auto\" style=\"vertical-align: inherit;\">\u00a0 \u00a0 \u00a0 \u00a0&#8211; bougeoirs&#8230;<\/span><\/span><\/p>\t\t\t\t\t\t\t\t<\/div>\n\t\t\t\t<div class=\"elementor-element elementor-element-dcd3a22 elementor-widget__width-initial elementor-widget elementor-widget-text-editor\" data-id=\"dcd3a22\" data-element_type=\"widget\" data-widget_type=\"text-editor.default\">\n\t\t\t\t\t\t\t\t\t<p><strong><a href=\"https:\/\/lepetitatelierdisa.fr\/index.php\/decoration\/\"><span dir=\"auto\" style=\"vertical-align: inherit;\"><span dir=\"auto\" style=\"vertical-align: inherit;\">D\u00e9coration<\/span><\/span><\/a><\/strong><\/p>\n<p><span dir=\"auto\" style=\"vertical-align: inherit;\"><span dir=\"auto\" style=\"vertical-align: inherit;\">D&#8217;une grande finesse et raffinements<\/span><\/span><\/p>\t\t\t\t\t\t\t\t<\/div>\n\t\t\t\t<div class=\"elementor-element elementor-element-80ae5c8 elementor-widget__width-initial elementor-widget elementor-widget-text-editor\" data-id=\"80ae5c8\" data-element_type=\"widget\" data-widget_type=\"text-editor.default\">\n\t\t\t\t\t\t\t\t\t<p><strong><a href=\"https:\/\/lepetitatelierdisa.fr\/index.php\/les-kits-de-mosaique-sans-outils\/\"><span dir=\"auto\" style=\"vertical-align: inherit;\"><span dir=\"auto\" style=\"vertical-align: inherit;\">Kits de mosa\u00efque sans outils<\/span><\/span><\/a><\/strong><\/p>\n<p><span dir=\"auto\" style=\"vertical-align: inherit;\"><span dir=\"auto\" style=\"vertical-align: inherit;\">Fa\u00e7on puzzle ou en libert\u00e9<\/span><\/span><\/p>\t\t\t\t\t\t\t\t<\/div>\n\t\t\t\t\t<\/div>\n\t\t\t\t<\/div>\n\t\t\t\t<\/div>\n\t\t","protected":false},"excerpt":{"rendered":"<p>\u00a0 Ardoises et pat\u00e8res Des pat\u00e8res et ardoises pensent-b\u00eate humoristiques. Objets du quotidien \u00a0 \u00a0 \u00a0 \u00a0Des objets utilitaires et d\u00e9coratifs : \u00a0 \u00a0 \u00a0 \u00a0&#8211; dessous de plats \u00a0 \u00a0 \u00a0 \u00a0&#8211; miroirs \u00a0 \u00a0 \u00a0 \u00a0&#8211; bougeoirs&#8230; D\u00e9coration D&#8217;une grande finesse et raffinements Kits de mosa\u00efque sans outils Fa\u00e7on puzzle ou en libert\u00e9<\/p>\n","protected":false},"author":1,"featured_media":0,"parent":0,"menu_order":0,"comment_status":"closed","ping_status":"closed","template":"","meta":{"_kadence_starter_templates_imported_post":false,"_kad_post_transparent":"default","_kad_post_title":"default","_kad_post_layout":"fullwidth","_kad_post_sidebar_id":"","_kad_post_content_style":"default","_kad_post_vertical_padding":"default","_kad_post_feature":"","_kad_post_feature_position":"","_kad_post_header":false,"_kad_post_footer":false,"footnotes":""},"class_list":["post-142","page","type-page","status-publish","hentry"],"_links":{"self":[{"href":"https:\/\/lepetitatelierdisa.fr\/index.php\/wp-json\/wp\/v2\/pages\/142","targetHints":{"allow":["GET"]}}],"collection":[{"href":"https:\/\/lepetitatelierdisa.fr\/index.php\/wp-json\/wp\/v2\/pages"}],"about":[{"href":"https:\/\/lepetitatelierdisa.fr\/index.php\/wp-json\/wp\/v2\/types\/page"}],"author":[{"embeddable":true,"href":"https:\/\/lepetitatelierdisa.fr\/index.php\/wp-json\/wp\/v2\/users\/1"}],"replies":[{"embeddable":true,"href":"https:\/\/lepetitatelierdisa.fr\/index.php\/wp-json\/wp\/v2\/comments?post=142"}],"version-history":[{"count":21,"href":"https:\/\/lepetitatelierdisa.fr\/index.php\/wp-json\/wp\/v2\/pages\/142\/revisions"}],"predecessor-version":[{"id":397,"href":"https:\/\/lepetitatelierdisa.fr\/index.php\/wp-json\/wp\/v2\/pages\/142\/revisions\/397"}],"wp:attachment":[{"href":"https:\/\/lepetitatelierdisa.fr\/index.php\/wp-json\/wp\/v2\/media?parent=142"}],"curies":[{"name":"wp","href":"https:\/\/api.w.org\/{rel}","templated":true}]}}